{"id":2433,"date":"2026-04-21T09:32:00","date_gmt":"2026-04-21T07:32:00","guid":{"rendered":"https:\/\/shileon.com\/?post_type=product&#038;p=2433"},"modified":"2026-04-21T17:41:37","modified_gmt":"2026-04-21T15:41:37","slug":"groundantenna","status":"publish","type":"product","link":"https:\/\/shileon.com\/en\/groundantenna\/","title":{"rendered":"GroundAntenna"},"content":{"rendered":"<p>Modern laptops and electronic devices often operate without a true connection to earth ground. As a result, measurable electrical potential can accumulate on the device surface.<\/p>\n<p>GroundAntenna introduces a controlled path to ground.<\/p>\n<p>When connected, the device is referenced to ground potential, helping to stabilize its electrical state.<\/p>\n<p>In many setups, measurements of high-frequency electrical noise (\u201cdirty electricity\u201d) are observed to decrease significantly, often approaching minimal levels under optimal grounding conditions.<\/p>\n<p>A carefully designed internal structure promotes electrical stability and a more balanced interaction.<\/p>\n<p>Simple in form. Precise in function.<\/p>\n<p class=\"translation-block\"><strong>Disclaimer:<\/strong><br>\nThis product does not modify the performance of the device and is not a medical device.\nPerformance depends on the quality of the grounding and the environment.<\/p>","protected":false},"excerpt":{"rendered":"<p>Los ordenadores port\u00e1tiles y dispositivos electr\u00f3nicos modernos suelen funcionar sin una conexi\u00f3n real a tierra. Como resultado, puede acumularse un potencial el\u00e9ctrico medible en la superficie del dispositivo. GroundAntenna introduce un camino controlado hacia tierra. Al conectarlo, el dispositivo queda referenciado al potencial de tierra, ayudando a estabilizar su estado el\u00e9ctrico. En muchos casos, las [&hellip;]<\/p>","protected":false},"featured_media":2516,"comment_status":"open","ping_status":"closed","template":"","meta":{"_acf_changed":false},"product_brand":[],"product_cat":[20],"product_tag":[27],"class_list":{"0":"post-2433","1":"product","2":"type-product","3":"status-publish","4":"has-post-thumbnail","6":"product_cat-uncategorized","7":"product_tag-ground-antenna","9":"first","10":"instock","11":"sale","12":"taxable","13":"shipping-taxable","14":"purchasable","15":"product-type-simple"},"acf":[],"_links":{"self":[{"href":"https:\/\/shileon.com\/en\/wp-json\/wp\/v2\/product\/2433","targetHints":{"allow":["GET"]}}],"collection":[{"href":"https:\/\/shileon.com\/en\/wp-json\/wp\/v2\/product"}],"about":[{"href":"https:\/\/shileon.com\/en\/wp-json\/wp\/v2\/types\/product"}],"replies":[{"embeddable":true,"href":"https:\/\/shileon.com\/en\/wp-json\/wp\/v2\/comments?post=2433"}],"wp:featuredmedia":[{"embeddable":true,"href":"https:\/\/shileon.com\/en\/wp-json\/wp\/v2\/media\/2516"}],"wp:attachment":[{"href":"https:\/\/shileon.com\/en\/wp-json\/wp\/v2\/media?parent=2433"}],"wp:term":[{"taxonomy":"product_brand","embeddable":true,"href":"https:\/\/shileon.com\/en\/wp-json\/wp\/v2\/product_brand?post=2433"},{"taxonomy":"product_cat","embeddable":true,"href":"https:\/\/shileon.com\/en\/wp-json\/wp\/v2\/product_cat?post=2433"},{"taxonomy":"product_tag","embeddable":true,"href":"https:\/\/shileon.com\/en\/wp-json\/wp\/v2\/product_tag?post=2433"}],"curies":[{"name":"wp","href":"https:\/\/api.w.org\/{rel}","templated":true}]}}