{"id":2038,"date":"2026-02-26T11:19:45","date_gmt":"2026-02-26T10:19:45","guid":{"rendered":"https:\/\/uivana.com\/shileon\/?page_id=2038"},"modified":"2026-03-02T11:10:47","modified_gmt":"2026-03-02T10:10:47","slug":"politica-de-cookies","status":"publish","type":"page","link":"https:\/\/shileon.com\/en\/politica-de-cookies\/","title":{"rendered":"Cookie Policy"},"content":{"rendered":"<div data-elementor-type=\"wp-page\" data-elementor-id=\"2038\" class=\"elementor elementor-2038\" data-elementor-post-type=\"page\">\n\t\t\t\t<div class=\"elementor-element elementor-element-edab832 e-flex e-con-boxed e-con e-parent\" data-id=\"edab832\" data-element_type=\"container\" data-e-type=\"container\">\n\t\t\t\t\t<div class=\"e-con-inner\">\n\t\t\t\t<div class=\"elementor-element elementor-element-5f8a36b elementor-widget elementor-widget-text-editor\" data-id=\"5f8a36b\" data-element_type=\"widget\" data-e-type=\"widget\" data-widget_type=\"text-editor.default\">\n\t\t\t\t\t\t\t\t\t<h1 data-path-to-node=\"4\">POL\u00cdTICA DE COOKIES<\/h1>\n<p data-path-to-node=\"5\"><b data-path-to-node=\"5\" data-index-in-node=\"0\">Fecha de \u00faltima actualizaci\u00f3n:<\/b> 02\/03\/2026<\/p>\n<p data-path-to-node=\"6\">At <b data-path-to-node=\"6\" data-index-in-node=\"3\">shileon.com<\/b> (\u00abnosotros\u00bb, \u00abnuestro\u00bb o \u00abla web\u00bb) utilizamos tecnolog\u00edas de rastreo para mejorar tu experiencia de navegaci\u00f3n, garantizar el correcto funcionamiento de nuestra tienda online y ofrecerte contenido y anuncios relevantes.<\/p>\n<p data-path-to-node=\"7\">Esta Pol\u00edtica de Cookies explica qu\u00e9 son estas tecnolog\u00edas, c\u00f3mo las usamos y cu\u00e1les son tus derechos para controlarlas, en cumplimiento con el Reglamento General de Protecci\u00f3n de Datos (RGPD) del Espacio Econ\u00f3mico Europeo y las normativas de privacidad aplicables en Estados Unidos (como la CCPA).<\/p>\n\n<h3 data-path-to-node=\"8\">\u00bfQu\u00e9 son las cookies?<\/h3>\n<p data-path-to-node=\"9\">Las cookies son peque\u00f1os archivos de texto que los sitios web que visitas guardan en tu navegador o dispositivo (ordenador, smartphone, tablet). Sirven para que la p\u00e1gina web funcione de manera eficiente, as\u00ed como para proporcionar informaci\u00f3n a los propietarios del sitio sobre tus h\u00e1bitos de navegaci\u00f3n.<\/p>\n\n<h3 data-path-to-node=\"10\">Nuestro principio de Consentimiento Previo<\/h3>\n<p data-path-to-node=\"11\">Tu privacidad es lo primero. En shileon.com aplicamos el principio de consentimiento expl\u00edcito: <b data-path-to-node=\"11\" data-index-in-node=\"96\">Las cookies no esenciales no se instalar\u00e1n en tu dispositivo sin tu consentimiento previo.<\/b> \u00danicamente las cookies t\u00e9cnicas (estrictamente necesarias para que la tienda funcione, como el carrito de compras) se cargan por defecto.<\/p>\n\n<h3 data-path-to-node=\"12\">Tipos de cookies que utilizamos<\/h3>\n<p data-path-to-node=\"13\">Este sitio web utiliza <b data-path-to-node=\"13\" data-index-in-node=\"23\">cookies propias<\/b> (gestionadas por shileon.com) y <b data-path-to-node=\"13\" data-index-in-node=\"71\">de terceros<\/b> (gestionadas por empresas proveedoras de servicios) con los siguientes fines:<\/p>\n\n<ul data-path-to-node=\"14\">\n \t<li>\n<p data-path-to-node=\"14,0,0\"><b data-path-to-node=\"14,0,0\" data-index-in-node=\"0\">Cookies T\u00e9cnicas (Estrictamente Necesarias):<\/b> Son imprescindibles para que puedas navegar por la web y utilizar sus funciones, como acceder a \u00e1reas seguras, mantener los productos en el carrito de compras o procesar el pago. No pueden desactivarse en nuestros sistemas.<\/p>\n<\/li>\n \t<li>\n<p data-path-to-node=\"14,1,0\"><b data-path-to-node=\"14,1,0\" data-index-in-node=\"0\">Cookies Anal\u00edticas:<\/b> Nos permiten contar las visitas y las fuentes de tr\u00e1fico para medir y mejorar el rendimiento de nuestra tienda. Nos ayudan a saber qu\u00e9 productos o p\u00e1ginas son m\u00e1s o menos populares y a ver c\u00f3mo se mueven los visitantes por el sitio. Todo esto se hace de forma agregada y an\u00f3nima.<\/p>\n<\/li>\n \t<li>\n<p data-path-to-node=\"14,2,0\"><b data-path-to-node=\"14,2,0\" data-index-in-node=\"0\">Cookies Publicitarias y de Marketing:<\/b> Pueden ser establecidas a trav\u00e9s de nuestro sitio por nuestros socios publicitarios. Se basan en la identificaci\u00f3n \u00fanica de tu navegador y dispositivo de Internet para mostrarte anuncios relevantes de shileon.com en otros sitios web y medir la eficacia de nuestras campa\u00f1as (ej. Google Ads, Meta Ads).<\/p>\n<\/li>\n<\/ul>\n<h3 data-path-to-node=\"15\">\u00bfC\u00f3mo configurar o rechazar las cookies?<\/h3>\n<p data-path-to-node=\"16\">Tienes el control total sobre tus preferencias: <b data-path-to-node=\"16\" data-index-in-node=\"48\">El usuario puede configurar o rechazar las cookies desde el panel habilitado al acceder al sitio web.<\/b><\/p>\n\n<ul data-path-to-node=\"17\">\n \t<li>\n<p data-path-to-node=\"17,0,0\"><b data-path-to-node=\"17,0,0\" data-index-in-node=\"0\">Panel de Configuraci\u00f3n:<\/b> Cuando visitas shileon.com por primera vez, ver\u00e1s un aviso o <i data-path-to-node=\"17,0,0\" data-index-in-node=\"85\">banner<\/i> de cookies. Desde ah\u00ed puedes aceptar todas las cookies, rechazarlas (salvo las t\u00e9cnicas) o acceder a \u00abConfiguraci\u00f3n\u00bb para elegir espec\u00edficamente qu\u00e9 tipos de cookies deseas permitir.<\/p>\n<\/li>\n \t<li>\n<p data-path-to-node=\"17,1,0\"><b data-path-to-node=\"17,1,0\" data-index-in-node=\"0\">Modificar preferencias:<\/b> Si deseas cambiar tu decisi\u00f3n m\u00e1s adelante, puedes volver a abrir nuestro panel de preferencias de cookies haciendo clic en el enlace \u00abConfigurar Cookies\u00bb situado en el pie de p\u00e1gina (footer) de nuestra web.<\/p>\n<\/li>\n<\/ul>\n<h3 data-path-to-node=\"18\">Gesti\u00f3n de cookies desde tu navegador<\/h3>\n<p data-path-to-node=\"19\">Adem\u00e1s de nuestro panel, la mayor\u00eda de los navegadores web te permiten gestionar las preferencias de cookies. Puedes configurar tu navegador para que rechace las cookies o las elimine. Ten en cuenta que, si bloqueas las cookies t\u00e9cnicas desde tu navegador, es posible que algunas partes de nuestra tienda (como el proceso de pago) no funcionen correctamente.<\/p>\n<p data-path-to-node=\"20\">Aqu\u00ed tienes los enlaces sobre c\u00f3mo gestionar las cookies en los navegadores m\u00e1s populares:<\/p>\n\n<ul data-path-to-node=\"21\">\n \t<li>\n<p data-path-to-node=\"21,0,0\"><a class=\"ng-star-inserted\" href=\"https:\/\/support.google.com\/chrome\/answer\/95647\" target=\"_blank\" rel=\"noopener\" data-hveid=\"0\" data-ved=\"0CAAQ_4QMahcKEwiHqcLT94CTAxUAAAAAHQAAAAAQNA\">Google Chrome<\/a><\/p>\n<\/li>\n \t<li>\n<p data-path-to-node=\"21,1,0\"><a class=\"ng-star-inserted\" href=\"https:\/\/support.mozilla.org\/es\/kb\/habilitar-y-deshabilitar-cookies-sitios-web-rastrear-preferencias\" target=\"_blank\" rel=\"noopener\" data-hveid=\"0\" data-ved=\"0CAAQ_4QMahcKEwiHqcLT94CTAxUAAAAAHQAAAAAQNQ\">Mozilla Firefox<\/a><\/p>\n<\/li>\n \t<li>\n<p data-path-to-node=\"21,2,0\"><a class=\"ng-star-inserted\" href=\"https:\/\/support.apple.com\/es-es\/guide\/safari\/sfri11471\/mac\" target=\"_blank\" rel=\"noopener\" data-hveid=\"0\" data-ved=\"0CAAQ_4QMahcKEwiHqcLT94CTAxUAAAAAHQAAAAAQNg\">Apple Safari<\/a><\/p>\n<\/li>\n \t<li>\n<p data-path-to-node=\"21,3,0\"><a class=\"ng-star-inserted\" href=\"https:\/\/support.microsoft.com\/es-es\/windows\/eliminar-y-administrar-cookies-168dab11-0753-043d-7c16-ede5947fc64d\" target=\"_blank\" rel=\"noopener\" data-hveid=\"0\" data-ved=\"0CAAQ_4QMahcKEwiHqcLT94CTAxUAAAAAHQAAAAAQNw\">Microsoft Edge<\/a><\/p>\n<\/li>\n<\/ul>\n&nbsp;\n<table class=\"cookie-table\" style=\"width: 100%; border-collapse: collapse; text-align: left;\">\n  <thead>\n    <tr style=\"background-color: #f4f4f4; border-bottom: 2px solid #ddd;\">\n      <th style=\"padding: 10px; border: 1px solid #ddd;\">Nombre de la Cookie<\/th>\n      <th style=\"padding: 10px; border: 1px solid #ddd;\">Proveedor<\/th>\n      <th style=\"padding: 10px; border: 1px solid #ddd;\">Prop\u00f3sito<\/th>\n      <th style=\"padding: 10px; border: 1px solid #ddd;\">Duraci\u00f3n<\/th>\n      <th style=\"padding: 10px; border: 1px solid #ddd;\">Tipo<\/th>\n    <\/tr>\n  <\/thead>\n  <tbody>\n    <tr>\n      <td style=\"padding: 10px; border: 1px solid #ddd;\"><code>_ga<\/code><\/td>\n      <td style=\"padding: 10px; border: 1px solid #ddd;\">Google Analytics<\/td>\n      <td style=\"padding: 10px; border: 1px solid #ddd;\">Se usa para distinguir a los usuarios y generar datos estad\u00edsticos sobre c\u00f3mo el visitante utiliza el sitio web.<\/td>\n      <td style=\"padding: 10px; border: 1px solid #ddd;\">2 a\u00f1os<\/td>\n      <td style=\"padding: 10px; border: 1px solid #ddd;\">Terceros \/ Anal\u00edtica<\/td>\n    <\/tr>\n    <tr>\n      <td style=\"padding: 10px; border: 1px solid #ddd;\"><code>_fbp<\/code><\/td>\n      <td style=\"padding: 10px; border: 1px solid #ddd;\">Meta (Facebook)<\/td>\n      <td style=\"padding: 10px; border: 1px solid #ddd;\">Se usa para almacenar y rastrear las visitas a trav\u00e9s de sitios web para marketing y publicidad dirigida.<\/td>\n      <td style=\"padding: 10px; border: 1px solid #ddd;\">3 meses<\/td>\n      <td style=\"padding: 10px; border: 1px solid #ddd;\">Terceros \/ Publicidad<\/td>\n    <\/tr>\n    <tr>\n      <td style=\"padding: 10px; border: 1px solid #ddd;\"><code>cart<\/code><\/td>\n      <td style=\"padding: 10px; border: 1px solid #ddd;\">Shileon.com<\/td>\n      <td style=\"padding: 10px; border: 1px solid #ddd;\">Recuerda los art\u00edculos a\u00f1adidos al carrito de compra durante la sesi\u00f3n del usuario.<\/td>\n      <td style=\"padding: 10px; border: 1px solid #ddd;\">Sesi\u00f3n<\/td>\n      <td style=\"padding: 10px; border: 1px solid #ddd;\">Propia \/ T\u00e9cnica<\/td>\n    <\/tr>\n  <\/tbody>\n<\/table>\n<h3 data-path-to-node=\"22\">Transferencias Internacionales de Datos<\/h3>\n<p data-path-to-node=\"23\">Dado que operamos a nivel global y utilizamos proveedores de servicios de terceros (como herramientas de anal\u00edtica y publicidad ubicadas en Estados Unidos), es posible que la informaci\u00f3n recopilada por algunas cookies se transfiera fuera de tu pa\u00eds de residencia. Nos aseguramos de que estos terceros cumplan con los marcos legales adecuados de transferencia de datos (como las Cl\u00e1usulas Contractuales Tipo de la UE).<\/p>\t\t\t\t\t\t\t\t<\/div>\n\t\t\t\t\t<\/div>\n\t\t\t\t<\/div>\n\t\t\t\t<\/div>","protected":false},"excerpt":{"rendered":"<p>POL\u00cdTICA DE COOKIES Fecha de \u00faltima actualizaci\u00f3n: 02\/03\/2026 En shileon.com (\u00abnosotros\u00bb, \u00abnuestro\u00bb o \u00abla web\u00bb) utilizamos tecnolog\u00edas de rastreo para mejorar tu experiencia de navegaci\u00f3n, garantizar el correcto funcionamiento de nuestra tienda online y ofrecerte contenido y anuncios relevantes. Esta Pol\u00edtica de Cookies explica qu\u00e9 son estas tecnolog\u00edas, c\u00f3mo las usamos y cu\u00e1les son tus [&hellip;]<\/p>","protected":false},"author":1,"featured_media":0,"parent":0,"menu_order":0,"comment_status":"closed","ping_status":"closed","template":"","meta":{"_acf_changed":false,"footnotes":""},"class_list":["post-2038","page","type-page","status-publish","hentry"],"acf":[],"_links":{"self":[{"href":"https:\/\/shileon.com\/en\/wp-json\/wp\/v2\/pages\/2038","targetHints":{"allow":["GET"]}}],"collection":[{"href":"https:\/\/shileon.com\/en\/wp-json\/wp\/v2\/pages"}],"about":[{"href":"https:\/\/shileon.com\/en\/wp-json\/wp\/v2\/types\/page"}],"author":[{"embeddable":true,"href":"https:\/\/shileon.com\/en\/wp-json\/wp\/v2\/users\/1"}],"replies":[{"embeddable":true,"href":"https:\/\/shileon.com\/en\/wp-json\/wp\/v2\/comments?post=2038"}],"version-history":[{"count":10,"href":"https:\/\/shileon.com\/en\/wp-json\/wp\/v2\/pages\/2038\/revisions"}],"predecessor-version":[{"id":2188,"href":"https:\/\/shileon.com\/en\/wp-json\/wp\/v2\/pages\/2038\/revisions\/2188"}],"wp:attachment":[{"href":"https:\/\/shileon.com\/en\/wp-json\/wp\/v2\/media?parent=2038"}],"curies":[{"name":"wp","href":"https:\/\/api.w.org\/{rel}","templated":true}]}}