{"id":2032,"date":"2026-02-26T11:19:00","date_gmt":"2026-02-26T10:19:00","guid":{"rendered":"https:\/\/uivana.com\/shileon\/?page_id=2032"},"modified":"2026-03-02T11:06:44","modified_gmt":"2026-03-02T10:06:44","slug":"aviso-legal","status":"publish","type":"page","link":"https:\/\/shileon.com\/en\/aviso-legal\/","title":{"rendered":"Legal Notice"},"content":{"rendered":"<div data-elementor-type=\"wp-page\" data-elementor-id=\"2032\" class=\"elementor elementor-2032\" data-elementor-post-type=\"page\">\n\t\t\t\t<div class=\"elementor-element elementor-element-65cac35 e-flex e-con-boxed e-con e-parent\" data-id=\"65cac35\" data-element_type=\"container\" data-e-type=\"container\">\n\t\t\t\t\t<div class=\"e-con-inner\">\n\t\t\t\t<div class=\"elementor-element elementor-element-87c1b2b elementor-widget elementor-widget-text-editor\" data-id=\"87c1b2b\" data-element_type=\"widget\" data-e-type=\"widget\" data-widget_type=\"text-editor.default\">\n\t\t\t\t\t\t\t\t\t<h1 data-path-to-node=\"2\">AVISO LEGAL<\/h1><h3 data-path-to-node=\"3\">Informaci\u00f3n General y Datos Identificativos<\/h3><p data-path-to-node=\"4\">En cumplimiento con el deber de informaci\u00f3n recogido en el art\u00edculo 10 de la Ley 34\/2002, de 11 de julio, de Servicios de la Sociedad de la Informaci\u00f3n y del Comercio Electr\u00f3nico (LSSI-CE), se informa que el presente sitio web (<b data-path-to-node=\"4\" data-index-in-node=\"228\">shileon.com<\/b>) es titularidad de:<\/p><ul data-path-to-node=\"5\"><li><p data-path-to-node=\"5,0,0\"><b data-path-to-node=\"5,0,0\" data-index-in-node=\"0\">Headline:<\/b> SHILEON<\/p><\/li><li><p data-path-to-node=\"5,1,0\"><b data-path-to-node=\"5,1,0\" data-index-in-node=\"0\">CIF\/NIF:<\/b> ES24194325G<\/p><\/li><li><p data-path-to-node=\"5,2,0\"><b data-path-to-node=\"5,2,0\" data-index-in-node=\"0\">Registered office:<\/b> Calle Laurel de la Reina 15, 18140 La Zubia, Granada, Espa\u00f1a<\/p><\/li><li><p data-path-to-node=\"5,3,0\"><b data-path-to-node=\"5,3,0\" data-index-in-node=\"0\">Contact e-mail address:<\/b> info@shileon.com<\/p><\/li><\/ul><h3 data-path-to-node=\"6\">Objeto y \u00c1mbito de Aplicaci\u00f3n<\/h3><p data-path-to-node=\"7\">El acceso, navegaci\u00f3n y uso del sitio web <b data-path-to-node=\"7\" data-index-in-node=\"42\">shileon.com<\/b> atribuye la condici\u00f3n de usuario e implica la aceptaci\u00f3n plena, sin reservas y expresa de todas y cada una de las condiciones establecidas en este Aviso Legal. Si el usuario no est\u00e1 de acuerdo con ellas, deber\u00e1 abstenerse de utilizar este sitio web.<\/p><p data-path-to-node=\"8\">El sitio web proporciona a los usuarios el acceso a informaci\u00f3n y comercializaci\u00f3n de productos a nivel nacional e internacional (principalmente Europa y Estados Unidos). La empresa se reserva el derecho a modificar en cualquier momento, y sin previo aviso, la presentaci\u00f3n, configuraci\u00f3n y contenidos del sitio web, as\u00ed como las presentes condiciones.<\/p><h3 data-path-to-node=\"9\">Condiciones de Uso del Sitio Web<\/h3><p data-path-to-node=\"10\">El usuario se compromete a hacer un uso adecuado y l\u00edcito del sitio web, as\u00ed como de sus contenidos y servicios, de conformidad con la legislaci\u00f3n aplicable, la moral, las buenas costumbres y el orden p\u00fablico. Queda terminantemente prohibido:<\/p><ul data-path-to-node=\"11\"><li><p data-path-to-node=\"11,0,0\">Realizar un uso no autorizado o fraudulento del sitio web con fines il\u00edcitos o lesivos.<\/p><\/li><li><p data-path-to-node=\"11,1,0\">Introducir o difundir virus inform\u00e1ticos o cualesquiera otros sistemas f\u00edsicos o l\u00f3gicos que sean susceptibles de provocar da\u00f1os en los sistemas de SHILEON, de sus proveedores o de terceros.<\/p><\/li><li><p data-path-to-node=\"11,2,0\">Intentar acceder, utilizar y\/o manipular los datos del titular, terceros proveedores y otros usuarios.<\/p><\/li><\/ul><h3 data-path-to-node=\"12\">Propiedad Intelectual e Industrial<\/h3><p data-path-to-node=\"13\">SHILEON por s\u00ed o como cesionaria, es titular de todos los derechos de propiedad intelectual e industrial de su p\u00e1gina web, as\u00ed como de los elementos contenidos en la misma (a t\u00edtulo enunciativo: im\u00e1genes, sonido, audio, v\u00eddeo, software o textos; marcas o logotipos, combinaciones de colores, estructura y dise\u00f1o, etc.).<\/p><p data-path-to-node=\"14\">Quedan expresamente prohibidas la reproducci\u00f3n, la distribuci\u00f3n y la comunicaci\u00f3n p\u00fablica, incluida su modalidad de puesta a disposici\u00f3n, de la totalidad o parte de los contenidos de esta p\u00e1gina web, con fines comerciales, en cualquier soporte y por cualquier medio t\u00e9cnico, sin la autorizaci\u00f3n expresa de SHILEON.<\/p><h3 data-path-to-node=\"15\">Exclusi\u00f3n de Garant\u00edas y Responsabilidad<\/h3><p data-path-to-node=\"16\">SHILEON no se hace responsable, en ning\u00fan caso, de los da\u00f1os y perjuicios de cualquier naturaleza que pudieran ocasionar, a t\u00edtulo enunciativo: errores u omisiones en los contenidos, falta de disponibilidad del portal, o la transmisi\u00f3n de virus o programas maliciosos en los contenidos, a pesar de haber adoptado todas las medidas tecnol\u00f3gicas necesarias para evitarlo.<\/p><p data-path-to-node=\"17\">El sitio web puede contener enlaces a otros sitios de Internet. SHILEON no ejercer\u00e1 ning\u00fan <span class=\"citation-33 citation-end-33\">tipo de control sobre dichos sitios y contenidos, ni asumir\u00e1 responsabilidad alguna por los contenidos de alg\u00fan enlace perteneciente a un sitio web ajeno.<\/span><\/p><div class=\"source-inline-chip-container ng-star-inserted\">\u00a0<\/div><h3 data-path-to-node=\"18\"><span class=\"citation-32 citation-end-32\">Legislaci\u00f3n Aplicable y Jurisdicci\u00f3n<\/span><\/h3><p data-path-to-node=\"19\"><span class=\"citation-31 citation-end-31\">Para la resolu<\/span>ci\u00f3n de todas las controversias o cuestiones relacionadas con el presente sitio web o de las actividades en \u00e9l desarrolladas, ser\u00e1 de aplicaci\u00f3n la legislaci\u00f3n espa\u00f1ola.<\/p><div class=\"source-inline-chip-container ng-star-inserted\">\u00a0<\/div><p data-path-to-node=\"20\">En caso de que el usuario act\u00fae como consumidor o usuario final, los tribunales competentes ser\u00e1n los del domicilio del consumidor, conforme a lo establecido en la normativa vigente de defensa de los consumidores y usuarios aplicable en la Uni\u00f3n Europea. Para ventas internacionales fuera de la Uni\u00f3n Europea (ej. Estados Unidos), y salvo que la legislaci\u00f3n local disponga lo contrario de forma imperativa, las partes se someten a los Juzgados y Tribunales de Granada (Espa\u00f1a).<\/p><h3 data-path-to-node=\"20\"><b data-path-to-node=\"14,0\" data-index-in-node=\"0\">Resoluci\u00f3n de litigios en l\u00ednea (ODR)<\/b><\/h3><p data-path-to-node=\"20\">Conforme al Art. 14.1 del Reglamento (UE) 524\/2013, la Comisi\u00f3n Europea facilita una plataforma de resoluci\u00f3n de litigios en l\u00ednea, que se encuentra disponible en el siguiente enlace: <a class=\"ng-star-inserted\" href=\"https:\/\/ec.europa.eu\/consumers\/odr\/\" target=\"_blank\" rel=\"noopener\" data-hveid=\"0\" data-ved=\"0CAAQ_4QMahgKEwiCsNeS-oCTAxUAAAAAHQAAAAAQjAE\">https:\/\/ec.europa.eu\/consumers\/odr\/<\/a>. Los consumidores podr\u00e1n someter sus reclamaciones a trav\u00e9s de esta plataforma de resoluci\u00f3n de litigios en l\u00ednea.<\/p>\t\t\t\t\t\t\t\t<\/div>\n\t\t\t\t\t<\/div>\n\t\t\t\t<\/div>\n\t\t\t\t<\/div>","protected":false},"excerpt":{"rendered":"<p>AVISO LEGAL Informaci\u00f3n General y Datos Identificativos En cumplimiento con el deber de informaci\u00f3n recogido en el art\u00edculo 10 de la Ley 34\/2002, de 11 de julio, de Servicios de la Sociedad de la Informaci\u00f3n y del Comercio Electr\u00f3nico (LSSI-CE), se informa que el presente sitio web (shileon.com) es titularidad de: Titular: SHILEON CIF\/NIF: ES24194325G [&hellip;]<\/p>","protected":false},"author":1,"featured_media":0,"parent":0,"menu_order":0,"comment_status":"closed","ping_status":"closed","template":"","meta":{"_acf_changed":false,"footnotes":""},"class_list":["post-2032","page","type-page","status-publish","hentry"],"acf":[],"_links":{"self":[{"href":"https:\/\/shileon.com\/en\/wp-json\/wp\/v2\/pages\/2032","targetHints":{"allow":["GET"]}}],"collection":[{"href":"https:\/\/shileon.com\/en\/wp-json\/wp\/v2\/pages"}],"about":[{"href":"https:\/\/shileon.com\/en\/wp-json\/wp\/v2\/types\/page"}],"author":[{"embeddable":true,"href":"https:\/\/shileon.com\/en\/wp-json\/wp\/v2\/users\/1"}],"replies":[{"embeddable":true,"href":"https:\/\/shileon.com\/en\/wp-json\/wp\/v2\/comments?post=2032"}],"version-history":[{"count":10,"href":"https:\/\/shileon.com\/en\/wp-json\/wp\/v2\/pages\/2032\/revisions"}],"predecessor-version":[{"id":2184,"href":"https:\/\/shileon.com\/en\/wp-json\/wp\/v2\/pages\/2032\/revisions\/2184"}],"wp:attachment":[{"href":"https:\/\/shileon.com\/en\/wp-json\/wp\/v2\/media?parent=2032"}],"curies":[{"name":"wp","href":"https:\/\/api.w.org\/{rel}","templated":true}]}}