{"id":1427,"date":"2026-01-26T08:16:33","date_gmt":"2026-01-26T08:16:33","guid":{"rendered":"https:\/\/uivana.com\/shileon\/my-account\/"},"modified":"2026-03-03T11:26:25","modified_gmt":"2026-03-03T10:26:25","slug":"my-account","status":"publish","type":"page","link":"https:\/\/shileon.com\/en\/mi-cuenta\/","title":{"rendered":"Mi cuenta"},"content":{"rendered":"<div data-elementor-type=\"wp-page\" data-elementor-id=\"1427\" class=\"elementor elementor-1427\" data-elementor-post-type=\"page\">\n\t\t\t\t<div class=\"elementor-element elementor-element-3ebd88b8 e-flex e-con-boxed e-con e-parent\" data-id=\"3ebd88b8\" data-element_type=\"container\" data-e-type=\"container\">\n\t\t\t\t\t<div class=\"e-con-inner\">\n\t\t\t\t<div class=\"elementor-element elementor-element-def837a e-my-account-tabs-vertical elementor-widget elementor-widget-woocommerce-my-account\" data-id=\"def837a\" data-element_type=\"widget\" data-e-type=\"widget\" data-widget_type=\"woocommerce-my-account.default\">\n\t\t\t\t\t<div class=\"e-my-account-tab e-my-account-tab__\">\t\t\t<div class=\"woocommerce\"><\/div>\t\t<\/div>\r\n\t\t\t\t\t\t<\/div>\n\t\t\t\t\t<\/div>\n\t\t\t\t<\/div>\n\t\t\t\t<\/div>","protected":false},"excerpt":{"rendered":"<p>Inicio Pedidos Direcciones Detalles de mi cuenta Afiliado Logout Hola itwevica (\u00bfno eres itwevica? Cerrar sesi\u00f3n) Desde el escritorio de tu cuenta puedes ver tus pedidos recientes, gestionar tus direcciones de env\u00edo y facturaci\u00f3n y editar tu contrase\u00f1a y los detalles de tu cuenta.<\/p>","protected":false},"author":1,"featured_media":0,"parent":0,"menu_order":0,"comment_status":"closed","ping_status":"closed","template":"","meta":{"_acf_changed":false,"footnotes":""},"class_list":["post-1427","page","type-page","status-publish","hentry"],"acf":[],"_links":{"self":[{"href":"https:\/\/shileon.com\/en\/wp-json\/wp\/v2\/pages\/1427","targetHints":{"allow":["GET"]}}],"collection":[{"href":"https:\/\/shileon.com\/en\/wp-json\/wp\/v2\/pages"}],"about":[{"href":"https:\/\/shileon.com\/en\/wp-json\/wp\/v2\/types\/page"}],"author":[{"embeddable":true,"href":"https:\/\/shileon.com\/en\/wp-json\/wp\/v2\/users\/1"}],"replies":[{"embeddable":true,"href":"https:\/\/shileon.com\/en\/wp-json\/wp\/v2\/comments?post=1427"}],"version-history":[{"count":11,"href":"https:\/\/shileon.com\/en\/wp-json\/wp\/v2\/pages\/1427\/revisions"}],"predecessor-version":[{"id":2288,"href":"https:\/\/shileon.com\/en\/wp-json\/wp\/v2\/pages\/1427\/revisions\/2288"}],"wp:attachment":[{"href":"https:\/\/shileon.com\/en\/wp-json\/wp\/v2\/media?parent=1427"}],"curies":[{"name":"wp","href":"https:\/\/api.w.org\/{rel}","templated":true}]}}